{"id":2,"date":"2020-12-20T07:56:49","date_gmt":"2020-12-20T07:56:49","guid":{"rendered":"https:\/\/kemafi.hu\/?page_id=2"},"modified":"2022-11-02T10:52:04","modified_gmt":"2022-11-02T09:52:04","slug":"sample-page","status":"publish","type":"page","link":"https:\/\/kemafi.hu\/?page_id=2","title":{"rendered":"K\u00f6z\u00e9rdek\u0171 adatok"},"content":{"rendered":"\n<p>Alap\u00edt\u00f3 okirat <a href=\"https:\/\/kemafi.hu\/wp-content\/uploads\/Alap\u00edt\u00f3-Okirat-\u00faj.pdf\">Let\u00f6lt\u00e9s<\/a><\/p>\n\n\n\n<p>K\u00f6zhaszn\u00fas\u00e1gi jelent\u00e9sek:<\/p>\n\n\n\n<p><\/p>\n\n\n\n<p><\/p>\n\n\n\n<p>2021 <a href=\"https:\/\/kemafi.hu\/wp-content\/uploads\/2022-Ko\u0308zhasznu\u0301sa\u0301gi-jelente\u0301s-2021-e\u0301vro\u030bl.pdf\" data-type=\"URL\" data-id=\"https:\/\/kemafi.hu\/wp-content\/uploads\/2022-Ko\u0308zhasznu\u0301sa\u0301gi-jelente\u0301s-2021-e\u0301vro\u030bl.pdf\">Let\u00f6lt\u00e9s<\/a><br>2020 <a href=\"https:\/\/kemafi.hu\/wp-content\/uploads\/2021-Kozhasznusagi-jelentes-2020-evrol.pdf\" data-type=\"URL\" data-id=\"https:\/\/kemafi.hu\/wp-content\/uploads\/2021-Kozhasznusagi-jelentes-2020-evrol.pdf\">Let\u00f6lt\u00e9s<\/a><br>2019 <a href=\"https:\/\/kemafi.hu\/wp-content\/uploads\/38_2020-Kozhasznusagi-jelentes-2019-evrol.pdf\" data-type=\"URL\" data-id=\"https:\/\/kemafi.hu\/wp-content\/uploads\/38_2020-Kozhasznusagi-jelentes-2019-evrol.pdf\">Let\u00f6lt\u00e9s<\/a><br>2018 <a href=\"https:\/\/kemafi.hu\/wp-content\/uploads\/14_2019-K\u00f6zhaszn\u00fas\u00e1gi-jelent\u00e9s-2018-\u00e9vr\u0151l.pdf\">Let\u00f6lt\u00e9s<\/a><br>2017 <a href=\"https:\/\/kemafi.hu\/wp-content\/uploads\/23_2018-K\u00f6zhaszn\u00fas\u00e1gi-jelent\u00e9s-2017-\u00e9vr\u0151l.pdf\">Let\u00f6lt\u00e9s<\/a><br>2016 <a href=\"https:\/\/kemafi.hu\/wp-content\/uploads\/39_2017-K\u00f6zhaszn\u00fas\u00e1gi-jelent\u00e9s-2016.-\u00e9vr\u0151l.pdf\">Let\u00f6lt\u00e9s<\/a><br>2015 <a href=\"https:\/\/kemafi.hu\/wp-content\/uploads\/24_2016-K\u00f6zhaszn\u00fas\u00e1gi-jelent\u00e9s.pdf\">Let\u00f6lt\u00e9s<\/a><\/p>\n\n\n\n<p><br> <\/p>\n","protected":false},"excerpt":{"rendered":"<p>Alap\u00edt\u00f3 okirat Let\u00f6lt\u00e9s K\u00f6zhaszn\u00fas\u00e1gi jelent\u00e9sek: 2021 Let\u00f6lt\u00e9s2020 Let\u00f6lt\u00e9s2019 Let\u00f6lt\u00e9s2018 Let\u00f6lt\u00e9s2017 Let\u00f6lt\u00e9s2016 Let\u00f6lt\u00e9s2015 Let\u00f6lt\u00e9s<\/p>\n","protected":false},"author":1,"featured_media":0,"parent":0,"menu_order":0,"comment_status":"closed","ping_status":"open","template":"","meta":{"footnotes":""},"class_list":["post-2","page","type-page","status-publish","hentry","latest_post"],"_links":{"self":[{"href":"https:\/\/kemafi.hu\/index.php?rest_route=\/wp\/v2\/pages\/2","targetHints":{"allow":["GET"]}}],"collection":[{"href":"https:\/\/kemafi.hu\/index.php?rest_route=\/wp\/v2\/pages"}],"about":[{"href":"https:\/\/kemafi.hu\/index.php?rest_route=\/wp\/v2\/types\/page"}],"author":[{"embeddable":true,"href":"https:\/\/kemafi.hu\/index.php?rest_route=\/wp\/v2\/users\/1"}],"replies":[{"embeddable":true,"href":"https:\/\/kemafi.hu\/index.php?rest_route=%2Fwp%2Fv2%2Fcomments&post=2"}],"version-history":[{"count":8,"href":"https:\/\/kemafi.hu\/index.php?rest_route=\/wp\/v2\/pages\/2\/revisions"}],"predecessor-version":[{"id":1067,"href":"https:\/\/kemafi.hu\/index.php?rest_route=\/wp\/v2\/pages\/2\/revisions\/1067"}],"wp:attachment":[{"href":"https:\/\/kemafi.hu\/index.php?rest_route=%2Fwp%2Fv2%2Fmedia&parent=2"}],"curies":[{"name":"wp","href":"https:\/\/api.w.org\/{rel}","templated":true}]}}